{"id":5352,"date":"2018-03-27T15:02:12","date_gmt":"2018-03-27T06:02:12","guid":{"rendered":"http:\/\/drbentonite.com\/?page_id=5352"},"modified":"2018-07-23T16:28:52","modified_gmt":"2018-07-23T07:28:52","slug":"main","status":"publish","type":"page","link":"https:\/\/drbentonite.com\/?lang=vi","title":{"rendered":"Main"},"content":{"rendered":"<p>[vc_row][vc_column offset=&#8221;vc_col-lg-12 vc_col-md-12&#8243; css=&#8221;.vc_custom_1531193501948{margin-top: -30px !important;border-top-width: 30px !important;padding-top: 70px !important;padding-bottom: 70px !important;background-image: url(https:\/\/drbentonite.com\/wp-content\/uploads\/2018\/07\/bg1-2.jpg?id=5294) !important;border-top-color: #ffffff !important;border-top-style: solid !important;}&#8221;]<div class=\"mkdf-elements-holder   mkdf-one-column  mkdf-responsive-mode-1024 mkdf-one-column-alignment-center\" ><div class=\"mkdf-eh-item   mkdf-horizontal-alignment-center  mkdf-width-1-1\"  data-item-class=\"mkdf-eh-custom-9812\">\n\t<div class=\"mkdf-eh-item-inner\">\n\t\t<div class=\"mkdf-eh-item-content mkdf-eh-custom-9812\" >\n\t\t\t<div class=\"mkdf-video-button-holder  mkdf-vb-has-img\">\n\t<div class=\"mkdf-video-button-image\">\n\t\t<img width=\"896\" height=\"504\" src=\"https:\/\/drbentonite.com\/wp-content\/uploads\/2018\/07\/mov_thumb.jpg\" class=\"attachment-full size-full\" alt=\"\" decoding=\"async\" loading=\"lazy\" srcset=\"https:\/\/drbentonite.com\/wp-content\/uploads\/2018\/07\/mov_thumb.jpg 896w, https:\/\/drbentonite.com\/wp-content\/uploads\/2018\/07\/mov_thumb-300x169.jpg 300w, https:\/\/drbentonite.com\/wp-content\/uploads\/2018\/07\/mov_thumb-768x432.jpg 768w\" sizes=\"(max-width: 896px) 100vw, 896px\" \/>\t<\/div>\n\t\t\t<a class=\"mkdf-video-button-play-image \" href=\"https:\/\/www.youtube.com\/watch?v=_gCrkYDl-gw\" target=\"_self\" data-rel=\"prettyPhoto[video_button_pretty_photo_561]\">\n\t\t\t<span class=\"mkdf-video-button-play-inner\">\n\t\t\t\t<img width=\"200\" height=\"200\" src=\"https:\/\/drbentonite.com\/wp-content\/uploads\/2018\/07\/arrow.png\" class=\"attachment-full size-full\" alt=\"\" decoding=\"async\" loading=\"lazy\" srcset=\"https:\/\/drbentonite.com\/wp-content\/uploads\/2018\/07\/arrow.png 200w, https:\/\/drbentonite.com\/wp-content\/uploads\/2018\/07\/arrow-150x150.png 150w\" sizes=\"(max-width: 200px) 100vw, 200px\" \/>\t\t\t\t\t\t\t<\/span>\n\t\t<\/a>\n\t<\/div>\t\t<\/div>\n\t<\/div>\n<\/div><\/div>[\/vc_column][\/vc_row][vc_row][vc_column offset=&#8221;vc_col-lg-12 vc_col-md-12&#8243; css=&#8221;.vc_custom_1524645607472{margin-top: -30px !important;border-top-width: 30px !important;padding-top: 0px !important;border-top-color: #ffffff !important;border-top-style: solid !important;}&#8221;]<div class=\"mkdf-elements-holder   mkdf-two-columns  mkdf-responsive-mode-1024 \" ><div class=\"mkdf-eh-item     mkdf-width-2-5\" style=\"background-image: url(https:\/\/drbentonite.com\/wp-content\/uploads\/2018\/07\/main_img1-2.jpg)\" data-item-class=\"mkdf-eh-custom-9073\" data-768-1024=\"520px 0px 0px 0px\" data-680-768=\"520px 0px 0px 0px\" data-680=\"190px 0px 0px 0px\">\n\t<div class=\"mkdf-eh-item-inner\">\n\t\t<div class=\"mkdf-eh-item-content mkdf-eh-custom-9073\" >\n\t\t\t\t\t<\/div>\n\t<\/div>\n<\/div><div class=\"mkdf-eh-item     mkdf-width-3-5\" style=\"background-image: url(https:\/\/drbentonite.com\/wp-content\/uploads\/2018\/07\/bg1-1.jpg)\" data-item-class=\"mkdf-eh-custom-3649\" data-1366-1600=\"112px 165px 142px 144px\" data-1024-1366=\"111px 189px 142px 143px \" data-768-1024=\"119px 323px 147px 153px\" data-680-768=\"118px 131px 147px 74px \" data-680=\"18px 20px 45px 27px\">\n\t<div class=\"mkdf-eh-item-inner\">\n\t\t<div class=\"mkdf-eh-item-content mkdf-eh-custom-3649\" style=\"padding: 112px 444px 142px 219px;\">\n\t\t\t[vc_column_text]<\/p>\n<h3><span style=\"color: #ffffff;\">M\u1eb7t n\u1ea1 \u0111\u1ea5t s\u00e9t 5<\/span><\/h3>\n<p>[\/vc_column_text][vc_empty_space height=&#8221;14px&#8221;][vc_column_text]<span style=\"color: #ffffff;\"><strong>&#8216;Thay \u0111\u1ed5i 5 ph\u00fat&#8217;<\/strong><\/span><span style=\"color: #ffffff;\">Ch\u0103m s\u00f3c gi\u1eef \u1ea9m \u0111\u1eb7c bi\u1ec7t gi\u00fap gi\u1eef cho l\u00e0n da \u1edf gi\u1eefa<br \/>\nMi\u1ec5n d\u1ecbch c\u0169ng c\u1ea7n thi\u1ebft cho da.<br \/>\nL\u00e0n da kh\u1ecfe m\u1ea1nh, B\u1eaft \u0111\u1ea7u ngay b\u00e2y gi\u1edd!<\/span><\/p>\n<p>[\/vc_column_text][vc_empty_space height=&#8221;46px&#8221;]<a itemprop=\"url\" href=\"https:\/\/drbentonite.com\/?portfolio-item=mud-mask-5\" target=\"_self\" style=\"color: #333333;background-color: #ffffff;border-color: #333333\" class=\"mkdf-btn mkdf-btn-small mkdf-btn-solid mkdf-btn-custom-hover-bg mkdf-btn-custom-border-hover mkdf-btn-underline\" data-hover-bg-color=\"rgba(255,255,255,0.01)\" data-hover-border-color=\"#ffffff\" >\n    <span class=\"mkdf-btn-text\">Discover<\/span>\n\t<\/a>\t\t<\/div>\n\t<\/div>\n<\/div><\/div>[\/vc_column][\/vc_row][vc_row row_content_width=&#8221;grid&#8221; css=&#8221;.vc_custom_1530882602728{margin-top: 30px !important;padding-top: 138px !important;padding-bottom: 82px !important;}&#8221; simple_background_color=&#8221;#d8d8d8&#8243;][vc_column width=&#8221;1\/2&#8243; offset=&#8221;vc_col-lg-offset-0 vc_col-lg-3 vc_col-md-offset-1 vc_col-md-5&#8243;]<div class=\"mkdf-iwt clearfix  mkdf-iwt-icon-top mkdf-iwt-icon-medium \">\n\t<div class=\"mkdf-iwt-icon\">\n\t\t\t\t\t\t\t\t\t<span class=\"mkdf-iwt-custom-icon\">\n\t\t\t\t\t<img width=\"130\" height=\"150\" src=\"https:\/\/drbentonite.com\/wp-content\/uploads\/2018\/07\/icon11-1.png\" class=\"attachment-full size-full\" alt=\"\" decoding=\"async\" loading=\"lazy\" \/>\t\t\t\t\t\t\t\t\t<\/span>\n\t\t\t\t\t\t<\/div>\n\t<div class=\"mkdf-iwt-content\" >\n\t\t\t\t\t<h5 class=\"mkdf-iwt-title\" >\n\t\t\t\t\t\t\t\t<span class=\"mkdf-iwt-title-text\">Bentonite<\/span>\n\t\t\t\t\t\t\t<\/h5>\n\t\t\t\t\t\t\t<p class=\"mkdf-iwt-text\" >N\u00f3 \u0111\u01b0\u1ee3c g\u1ecdi l\u00e0 \u0111\u1ea5t th\u1ea7n k\u1ef3 v\u00e0 ch\u1ee9a m\u1ed9t l\u01b0\u1ee3ng l\u1edbn 66 kho\u00e1ng ch\u1ea5t t\u1ef1 nhi\u00ean. N\u00f3 gi\u00fap c\u1ea3i thi\u1ec7n l\u00e0n da kh\u1ecfe m\u1ea1nh b\u1eb1ng nhi\u1ec1u hi\u1ec7u \u1ee9ng l\u00e0m s\u1ea1ch v\u00e0 x\u1ea3 ch\u1ea5t th\u1ea3i<\/p>\n\t\t\t<\/div>\n<\/div>[vc_empty_space height=&#8221;50px&#8221;][\/vc_column][vc_column width=&#8221;1\/2&#8243; offset=&#8221;vc_col-lg-3 vc_col-md-5&#8243;]<div class=\"mkdf-iwt clearfix  mkdf-iwt-icon-top mkdf-iwt-icon-medium \">\n\t<div class=\"mkdf-iwt-icon\">\n\t\t\t\t\t\t\t\t\t<span class=\"mkdf-iwt-custom-icon\">\n\t\t\t\t\t<img width=\"130\" height=\"150\" src=\"https:\/\/drbentonite.com\/wp-content\/uploads\/2018\/07\/icon22-1.png\" class=\"attachment-full size-full\" alt=\"\" decoding=\"async\" loading=\"lazy\" \/>\t\t\t\t\t\t\t\t\t<\/span>\n\t\t\t\t\t\t<\/div>\n\t<div class=\"mkdf-iwt-content\" >\n\t\t\t\t\t<h5 class=\"mkdf-iwt-title\" >\n\t\t\t\t\t\t\t\t<span class=\"mkdf-iwt-title-text\">n\u1ea5m s\u00fap l\u01a1<\/span>\n\t\t\t\t\t\t\t<\/h5>\n\t\t\t\t\t\t\t<p class=\"mkdf-iwt-text\" >Beta Glucan, \u0111\u01b0\u1ee3c g\u1ecdi l\u00e0 6 ch\u1ea5t dinh d\u01b0\u1ee1ng, l\u00e0 m\u1ed9t ch\u1ea5t x\u01a1 h\u00f2a tan trong n\u01b0\u1edbc cung c\u1ea5p kh\u1ea3 n\u0103ng mi\u1ec5n d\u1ecbch cho s\u1ee9c kh\u1ecfe da tuy\u1ec7t v\u1eddi v\u00e0 c\u00f3 hi\u1ec7u qu\u1ea3 trong vi\u1ec7c gi\u1eef \u1ea9m v\u00e0 k\u00edch ho\u1ea1t t\u1ebf b\u00e0o.<\/p>\n\t\t\t<\/div>\n<\/div>[vc_empty_space height=&#8221;50px&#8221;][\/vc_column][vc_column width=&#8221;1\/2&#8243; offset=&#8221;vc_col-lg-offset-0 vc_col-lg-3 vc_col-md-offset-1 vc_col-md-5&#8243;]<div class=\"mkdf-iwt clearfix  mkdf-iwt-icon-top mkdf-iwt-icon-medium \">\n\t<div class=\"mkdf-iwt-icon\">\n\t\t\t\t\t\t\t\t\t<span class=\"mkdf-iwt-custom-icon\">\n\t\t\t\t\t<img width=\"130\" height=\"150\" src=\"https:\/\/drbentonite.com\/wp-content\/uploads\/2018\/07\/icon33-1.png\" class=\"attachment-full size-full\" alt=\"\" decoding=\"async\" loading=\"lazy\" \/>\t\t\t\t\t\t\t\t\t<\/span>\n\t\t\t\t\t\t<\/div>\n\t<div class=\"mkdf-iwt-content\" >\n\t\t\t\t\t<h5 class=\"mkdf-iwt-title\" >\n\t\t\t\t\t\t\t\t<span class=\"mkdf-iwt-title-text\">chi\u1ebft xu\u1ea5t n\u1ea5m th\u01b0\u1ee3ng ho\u00e0ng<\/span>\n\t\t\t\t\t\t\t<\/h5>\n\t\t\t\t\t\t\t<p class=\"mkdf-iwt-text\" >\u0110i\u1ec1u n\u00e0y lo\u1ea1i b\u1ecf s\u1ef1 t\u0103ng tr\u01b0\u1edfng c\u1ee7a c\u00e1c ch\u1ea5t l\u1ea1, l\u00e0m gi\u1ea3m qu\u00e1 m\u1eabn c\u1ea3m c\u1ee7a da v\u00e0 ngay l\u1eadp t\u1ee9c nu\u00f4i d\u01b0\u1ee1ng n\u00f3 \u0111\u1ec3 t\u1ea1o ra l\u00e0n da s\u0103n ch\u1eafc, kh\u1ecfe m\u1ea1nh.<\/p>\n\t\t\t<\/div>\n<\/div>[vc_empty_space height=&#8221;50px&#8221;][\/vc_column][vc_column width=&#8221;1\/2&#8243; offset=&#8221;vc_col-lg-3 vc_col-md-5&#8243;]<div class=\"mkdf-iwt clearfix  mkdf-iwt-icon-top mkdf-iwt-icon-medium \">\n\t<div class=\"mkdf-iwt-icon\">\n\t\t\t\t\t\t\t\t\t<span class=\"mkdf-iwt-custom-icon\">\n\t\t\t\t\t<img width=\"130\" height=\"150\" src=\"https:\/\/drbentonite.com\/wp-content\/uploads\/2018\/07\/icon44-1.png\" class=\"attachment-full size-full\" alt=\"\" decoding=\"async\" loading=\"lazy\" \/>\t\t\t\t\t\t\t\t\t<\/span>\n\t\t\t\t\t\t<\/div>\n\t<div class=\"mkdf-iwt-content\" >\n\t\t\t\t\t<h5 class=\"mkdf-iwt-title\" >\n\t\t\t\t\t\t\t\t<span class=\"mkdf-iwt-title-text\">n\u01b0\u1edbc c\u00e2y tr\u1eafc xo\u0103n tinh khi\u1ebft<\/span>\n\t\t\t\t\t\t\t<\/h5>\n\t\t\t\t\t\t\t<p class=\"mkdf-iwt-text\" >Ng\u0103n ch\u1eb7n l\u00e3o h\u00f3a v\u1edbi t\u00e1c d\u1ee5ng ch\u1ed1ng oxy h\u00f3a, gi\u00fap l\u00e0m s\u1ea1ch t\u00f4ng m\u00e0u da, lo\u1ea1i b\u1ecf ch\u1ea5t th\u1ea3i v\u00e0 l\u00e0m m\u1ec1m da nh\u1ea1y c\u1ea3m<\/p>\n\t\t\t<\/div>\n<\/div>[vc_empty_space height=&#8221;50px&#8221;][\/vc_column][\/vc_row][vc_row][vc_column offset=&#8221;vc_col-lg-12 vc_col-md-12&#8243; css=&#8221;.vc_custom_1524645607472{margin-top: -30px !important;border-top-width: 30px !important;padding-top: 0px !important;border-top-color: #ffffff !important;border-top-style: solid !important;}&#8221;]<div class=\"mkdf-elements-holder   mkdf-two-columns  mkdf-responsive-mode-1024 \" ><div class=\"mkdf-eh-item     mkdf-width-3-5\" style=\"background-image: url(https:\/\/drbentonite.com\/wp-content\/uploads\/2018\/07\/bg1-1.jpg)\" data-item-class=\"mkdf-eh-custom-2488\" data-1366-1600=\"112px 165px 142px 144px\" data-1024-1366=\"111px 169px 142px 143px \" data-768-1024=\"119px 323px 147px 153px\" data-680-768=\"118px 131px 147px 74px \" data-680=\"18px 20px 45px 27px\">\n\t<div class=\"mkdf-eh-item-inner\">\n\t\t<div class=\"mkdf-eh-item-content mkdf-eh-custom-2488\" style=\"padding: 112px 444px 142px 219px;\">\n\t\t\t[vc_column_text]<\/p>\n<h3><span style=\"color: #ffffff;\">X\u00e0 ph\u00f2ng t\u1ef1 nhi\u00ean Bentonite<\/span><\/h3>\n<p>[\/vc_column_text][vc_empty_space height=&#8221;14px&#8221;][vc_column_text]<span style=\"color: #ffffff;\"> H\u00e0ng ng\u00e0y t\u1eeb h\u00f4m nay<\/span><br \/>\n<span style=\"color: #ffffff;\">\u0110\u1ec3 l\u00e0m s\u1ea1ch ch\u1ea5t th\u1ea3i c\u1ee7a da<br \/>\nV\u1edbi hi\u1ec7u qu\u1ea3 gi\u1eef \u1ea9m m\u1ea1nh m\u1ebd, tr\u1ea3i nghi\u1ec7m hi\u1ec7u \u1ee9ng tuy\u1ec7t v\u1eddi trong v\u1ebb \u0111\u1eb9p v\u00e0 \u0111i\u1ec1u tr\u1ecb!<\/span>[\/vc_column_text][vc_empty_space height=&#8221;46px&#8221;]<a itemprop=\"url\" href=\"https:\/\/drbentonite.com\/?portfolio-item=natural-soap\" target=\"_self\" style=\"color: #333333;background-color: #ffffff;border-color: #333333\" class=\"mkdf-btn mkdf-btn-small mkdf-btn-solid mkdf-btn-custom-hover-bg mkdf-btn-custom-border-hover mkdf-btn-underline\" data-hover-bg-color=\"rgba(255,255,255,0.01)\" data-hover-border-color=\"#ffffff\" >\n    <span class=\"mkdf-btn-text\">Discover<\/span>\n\t<\/a>\t\t<\/div>\n\t<\/div>\n<\/div><div class=\"mkdf-eh-item     mkdf-width-2-5\" style=\"background-image: url(https:\/\/drbentonite.com\/wp-content\/uploads\/2018\/07\/main_img2-1.jpg)\" data-item-class=\"mkdf-eh-custom-8417\" data-768-1024=\"520px 0px 0px 0px\" data-680-768=\"520px 0px 0px 0px\" data-680=\"190px 0px 0px 0px\">\n\t<div class=\"mkdf-eh-item-inner\">\n\t\t<div class=\"mkdf-eh-item-content mkdf-eh-custom-8417\" >\n\t\t\t\t\t<\/div>\n\t<\/div>\n<\/div><\/div>[\/vc_column][\/vc_row][vc_row css=&#8221;.vc_custom_1522742171292{padding-top: 30px !important;padding-bottom: 30px !important;}&#8221;][vc_column]<div class=\"mkdf-elements-holder   mkdf-two-columns  mkdf-responsive-mode-1024 \" ><div class=\"mkdf-eh-item     mkdf-width-3-5\" style=\"background-image: url(https:\/\/drbentonite.com\/wp-content\/uploads\/2018\/07\/bg1-1.jpg)\" data-item-class=\"mkdf-eh-custom-1737\" data-1366-1600=\"0px 27% 29px 135px \" data-1024-1366=\"0px 22% 29px 133px \" data-768-1024=\"88px 19% 114px 179px \" data-680-768=\"89px 19% 115px 119px \" data-680=\"33px 15px 59px 15px\">\n\t<div class=\"mkdf-eh-item-inner\">\n\t\t<div class=\"mkdf-eh-item-content mkdf-eh-custom-1737\" style=\"padding: 0px 40% 29px 220px\">\n\t\t\t[vc_column_text css=&#8221;.vc_custom_1522760811528{padding-bottom: 40px !important;}&#8221;]<\/p>\n<h3><span style=\"color: #ffffff;\">CONTACT<\/span><\/h3>\n<p>[\/vc_column_text]\n<div class=\"wpcf7 no-js\" id=\"wpcf7-f757-o1\" lang=\"en-US\" dir=\"ltr\">\n<div class=\"screen-reader-response\"><p role=\"status\" aria-live=\"polite\" aria-atomic=\"true\"><\/p> <ul><\/ul><\/div>\n<form action=\"\/index.php?lang=vi&#038;rest_route=%2Fwp%2Fv2%2Fpages%2F5352#wpcf7-f757-o1\" method=\"post\" class=\"wpcf7-form init cf7_custom_style_2\" aria-label=\"Contact form\" novalidate=\"novalidate\" data-status=\"init\">\n<div style=\"display: none;\">\n<input type=\"hidden\" name=\"_wpcf7\" value=\"757\" \/>\n<input type=\"hidden\" name=\"_wpcf7_version\" value=\"5.8\" \/>\n<input type=\"hidden\" name=\"_wpcf7_locale\" value=\"en_US\" \/>\n<input type=\"hidden\" name=\"_wpcf7_unit_tag\" value=\"wpcf7-f757-o1\" \/>\n<input type=\"hidden\" name=\"_wpcf7_container_post\" value=\"0\" \/>\n<input type=\"hidden\" name=\"_wpcf7_posted_data_hash\" value=\"\" \/>\n<\/div>\n<p><span class=\"wpcf7-form-control-wrap\" data-name=\"e-mail\"><input size=\"40\" class=\"wpcf7-form-control wpcf7-email wpcf7-text wpcf7-validates-as-email\" aria-invalid=\"false\" placeholder=\"E-mail\" value=\"\" type=\"email\" name=\"e-mail\" \/><\/span>\n<\/p>\n<p><span class=\"wpcf7-form-control-wrap\" data-name=\"textarea-686\"><textarea cols=\"40\" rows=\"10\" class=\"wpcf7-form-control wpcf7-textarea\" aria-invalid=\"false\" placeholder=\"Message\" name=\"textarea-686\"><\/textarea><\/span>\n<\/p>\n<p><input class=\"wpcf7-form-control wpcf7-submit has-spinner\" type=\"submit\" value=\"Send\" \/>\n<\/p><div class=\"wpcf7-response-output\" aria-hidden=\"true\"><\/div>\n<\/form>\n<\/div>\n\t\t<\/div>\n\t<\/div>\n<\/div><\/div>[\/vc_column][\/vc_row]<\/p>\n","protected":false},"excerpt":{"rendered":"<p>[vc_row][vc_column offset=&#8221;vc_col-lg-12 vc_col-md-12&#8243; css=&#8221;.vc_custom_1531193501948{margin-top: -30px !important;border-top-width: 30px !important;padding-top: 70px !important;padding-bottom: 70px !important;background-image: url(https:\/\/drbentonite.com\/wp-content\/uploads\/2018\/07\/bg1-2.jpg?id=5294) !important;border-top-color: #ffffff !important;border-top-style: solid !important;}&#8221;][\/vc_column][\/vc_row][vc_row][vc_column offset=&#8221;vc_col-lg-12 vc_col-md-12&#8243; css=&#8221;.vc_custom_1524645607472{margin-top: -30px !important;border-top-width: 30px !important;padding-top: 0px !important;border-top-color: #ffffff !important;border-top-style: solid !important;}&#8221;][\/vc_column][\/vc_row][vc_row row_content_width=&#8221;grid&#8221; css=&#8221;.vc_custom_1530882602728{margin-top: 30px !important;padding-top: 138px !important;padding-bottom: 82px !important;}&#8221; simple_background_color=&#8221;#d8d8d8&#8243;][vc_column [&hellip;]<\/p>\n","protected":false},"author":1,"featured_media":0,"parent":0,"menu_order":0,"comment_status":"closed","ping_status":"closed","template":"full-width.php","meta":{"footnotes":""},"_links":{"self":[{"href":"https:\/\/drbentonite.com\/index.php?rest_route=%2Fwp%2Fv2%2Fpages%2F5352&lang=vi"}],"collection":[{"href":"https:\/\/drbentonite.com\/index.php?rest_route=%2Fwp%2Fv2%2Fpages&lang=vi"}],"about":[{"href":"https:\/\/drbentonite.com\/index.php?rest_route=%2Fwp%2Fv2%2Ftypes%2Fpage&lang=vi"}],"author":[{"embeddable":true,"href":"https:\/\/drbentonite.com\/index.php?rest_route=%2Fwp%2Fv2%2Fusers%2F1&lang=vi"}],"replies":[{"embeddable":true,"href":"https:\/\/drbentonite.com\/index.php?rest_route=%2Fwp%2Fv2%2Fcomments&lang=vi&post=5352"}],"version-history":[{"count":10,"href":"https:\/\/drbentonite.com\/index.php?rest_route=%2Fwp%2Fv2%2Fpages%2F5352%2Frevisions&lang=vi"}],"predecessor-version":[{"id":6365,"href":"https:\/\/drbentonite.com\/index.php?rest_route=%2Fwp%2Fv2%2Fpages%2F5352%2Frevisions%2F6365&lang=vi"}],"wp:attachment":[{"href":"https:\/\/drbentonite.com\/index.php?rest_route=%2Fwp%2Fv2%2Fmedia&lang=vi&parent=5352"}],"curies":[{"name":"wp","href":"https:\/\/api.w.org\/{rel}","templated":true}]}}